{"id":3600,"date":"2023-10-06T19:27:41","date_gmt":"2023-10-06T19:27:41","guid":{"rendered":"https:\/\/bernardo-moya.com\/?page_id=3600"},"modified":"2024-08-15T19:32:44","modified_gmt":"2024-08-15T19:32:44","slug":"the-bio","status":"publish","type":"page","link":"https:\/\/bernardo-moya.com\/es\/the-bio\/","title":{"rendered":"La biograf\u00eda"},"content":{"rendered":"<div data-elementor-type=\"wp-page\" data-elementor-id=\"3600\" class=\"elementor elementor-3600\" data-elementor-post-type=\"page\">\n\t\t\t\t<div class=\"elementor-element elementor-element-31d875f e-flex e-con-boxed e-con e-parent\" data-id=\"31d875f\" data-element_type=\"container\">\n\t\t\t\t\t<div class=\"e-con-inner\">\n\t\t<div class=\"elementor-element elementor-element-27806ce e-con-full e-flex e-con e-child\" data-id=\"27806ce\" data-element_type=\"container\">\n\t\t\t\t<div class=\"elementor-element elementor-element-6d158af elementor-widget elementor-widget-image\" data-id=\"6d158af\" data-element_type=\"widget\" data-widget_type=\"image.default\">\n\t\t\t\t<div class=\"elementor-widget-container\">\n\t\t\t<style>\/*! elementor - v3.21.0 - 08-05-2024 *\/\n.elementor-widget-image{text-align:center}.elementor-widget-image a{display:inline-block}.elementor-widget-image a img[src$=\".svg\"]{width:48px}.elementor-widget-image img{vertical-align:middle;display:inline-block}<\/style>\t\t\t\t\t\t\t\t\t\t<img fetchpriority=\"high\" decoding=\"async\" width=\"800\" height=\"800\" src=\"https:\/\/bernardo-moya.com\/wp-content\/uploads\/2023\/08\/Bernardo-Moya-headshot-1-1024x1024.png\" class=\"attachment-large size-large wp-image-3457\" alt=\"\" srcset=\"https:\/\/bernardo-moya.com\/wp-content\/uploads\/2023\/08\/Bernardo-Moya-headshot-1-1024x1024.png 1024w, https:\/\/bernardo-moya.com\/wp-content\/uploads\/2023\/08\/Bernardo-Moya-headshot-1-300x300.png 300w, https:\/\/bernardo-moya.com\/wp-content\/uploads\/2023\/08\/Bernardo-Moya-headshot-1-150x150.png 150w, https:\/\/bernardo-moya.com\/wp-content\/uploads\/2023\/08\/Bernardo-Moya-headshot-1-768x768.png 768w, https:\/\/bernardo-moya.com\/wp-content\/uploads\/2023\/08\/Bernardo-Moya-headshot-1-672x672.png 672w, https:\/\/bernardo-moya.com\/wp-content\/uploads\/2023\/08\/Bernardo-Moya-headshot-1-1038x1038.png 1038w, https:\/\/bernardo-moya.com\/wp-content\/uploads\/2023\/08\/Bernardo-Moya-headshot-1.png 1080w\" sizes=\"(max-width: 800px) 100vw, 800px\" \/>\t\t\t\t\t\t\t\t\t\t\t\t\t<\/div>\n\t\t\t\t<\/div>\n\t\t\t\t<\/div>\n\t\t<div class=\"elementor-element elementor-element-eb48754 e-con-full e-flex e-con e-child\" data-id=\"eb48754\" data-element_type=\"container\">\n\t\t\t\t<div class=\"elementor-element elementor-element-c747348 elementor-widget elementor-widget-heading\" data-id=\"c747348\" data-element_type=\"widget\" data-widget_type=\"heading.default\">\n\t\t\t\t<div class=\"elementor-widget-container\">\n\t\t\t<style>\/*! elementor - v3.21.0 - 08-05-2024 *\/\n.elementor-heading-title{padding:0;margin:0;line-height:1}.elementor-widget-heading .elementor-heading-title[class*=elementor-size-]>a{color:inherit;font-size:inherit;line-height:inherit}.elementor-widget-heading .elementor-heading-title.elementor-size-small{font-size:15px}.elementor-widget-heading .elementor-heading-title.elementor-size-medium{font-size:19px}.elementor-widget-heading .elementor-heading-title.elementor-size-large{font-size:29px}.elementor-widget-heading .elementor-heading-title.elementor-size-xl{font-size:39px}.elementor-widget-heading .elementor-heading-title.elementor-size-xxl{font-size:59px}<\/style><p class=\"elementor-heading-title elementor-size-default\">_<br>Fundador de <a href=\"https:\/\/thebestyou.co\/\" target=\"blank\"><u>The Best You<\/u><\/a><br>-<br>Fundador de <a href=\"https:\/\/tucrypto-tunft.com\/\" target=\"blank\"><u>tu crypto - tu nft<\/u><\/a><\/p>\t\t<\/div>\n\t\t\t\t<\/div>\n\t\t\t\t<div class=\"elementor-element elementor-element-3b342fc elementor-widget elementor-widget-heading\" data-id=\"3b342fc\" data-element_type=\"widget\" data-widget_type=\"heading.default\">\n\t\t\t\t<div class=\"elementor-widget-container\">\n\t\t\t<p class=\"elementor-heading-title elementor-size-default\">Bernardo Moya<\/p>\t\t<\/div>\n\t\t\t\t<\/div>\n\t\t\t\t<div class=\"elementor-element elementor-element-0a6d878 elementor-widget elementor-widget-heading\" data-id=\"0a6d878\" data-element_type=\"widget\" data-widget_type=\"heading.default\">\n\t\t\t\t<div class=\"elementor-widget-container\">\n\t\t\t<p class=\"elementor-heading-title elementor-size-default\">Bernardo Moya es empresario desde hace m\u00e1s de treinta y cinco a\u00f1os. Es autor, orador, entrenador, mentor, consultor, editor, productor de televisi\u00f3n, promotor de eventos y productor de eventos.<br><br>Es el fundador de la marca The Best You, que incluye: The Best You Expo, The Best You TV, The Best You Magazine y The Best You Awards.<br><br>A lo largo de su carrera, se ha encontrado con muchas personas que aspiran a cambiar, evolucionar y crecer, pero que se encuentran con dificultades financieras. Su inter\u00e9s por las nuevas tecnolog\u00edas y su continua reinvenci\u00f3n le han llevado a una profunda pasi\u00f3n por el mundo de las criptomonedas. Ahora, su misi\u00f3n es ayudar a otros a comprender y participar en este apasionante espacio. Por eso cre\u00f3 TuCrypto-TuNFT.<\/p>\t\t<\/div>\n\t\t\t\t<\/div>\n\t\t\t\t<\/div>\n\t\t\t\t\t<\/div>\n\t\t\t\t<\/div>\n\t\t<div class=\"elementor-element elementor-element-136c9cc e-flex e-con-boxed e-con e-parent\" data-id=\"136c9cc\" data-element_type=\"container\">\n\t\t\t\t\t<div class=\"e-con-inner\">\n\t\t<div class=\"elementor-element elementor-element-ae0b0d0 e-con-full e-flex e-con e-child\" data-id=\"ae0b0d0\" data-element_type=\"container\" data-settings=\"{&quot;background_background&quot;:&quot;classic&quot;}\">\n\t\t<div class=\"elementor-element elementor-element-9fae750 e-con-full e-flex e-con e-child\" data-id=\"9fae750\" data-element_type=\"container\">\n\t\t\t\t<div class=\"elementor-element elementor-element-bda98ac elementor-widget__width-initial elementor-widget elementor-widget-heading\" data-id=\"bda98ac\" data-element_type=\"widget\" data-widget_type=\"heading.default\">\n\t\t\t\t<div class=\"elementor-widget-container\">\n\t\t\t<p class=\"elementor-heading-title elementor-size-default\">Bernardo ha promovido a m\u00e1s de 1200 ponentes a lo largo de los a\u00f1os y m\u00e1s de 100.000 personas han asistido a sus eventos en todo el mundo.\nEs un tipo de persona normal, sencillo y sin tonter\u00edas.<\/p>\t\t<\/div>\n\t\t\t\t<\/div>\n\t\t\t\t<div class=\"elementor-element elementor-element-cf2f911 elementor-widget__width-initial elementor-widget elementor-widget-heading\" data-id=\"cf2f911\" data-element_type=\"widget\" data-widget_type=\"heading.default\">\n\t\t\t\t<div class=\"elementor-widget-container\">\n\t\t\t<p class=\"elementor-heading-title elementor-size-default\">Si est\u00e1s buscando a alguien que tenga los pies en la tierra, que haya cometido errores pero haya aprendido de ellos, alguien que haga lo que dice, que te diga la verdad, incluso si no te gusta...\n\u00a1\u00c9l es el hombre!<\/p>\t\t<\/div>\n\t\t\t\t<\/div>\n\t\t\t\t<\/div>\n\t\t<div class=\"elementor-element elementor-element-27fb753 e-con-full e-flex e-con e-child\" data-id=\"27fb753\" data-element_type=\"container\">\n\t\t\t\t<div class=\"elementor-element elementor-element-7389b2b elementor-widget elementor-widget-heading\" data-id=\"7389b2b\" data-element_type=\"widget\" data-widget_type=\"heading.default\">\n\t\t\t\t<div class=\"elementor-widget-container\">\n\t\t\t<p class=\"elementor-heading-title elementor-size-default\">Como se ve en:<\/p>\t\t<\/div>\n\t\t\t\t<\/div>\n\t\t\t\t<div class=\"elementor-element elementor-element-df0696d elementor-widget elementor-widget-image\" data-id=\"df0696d\" data-element_type=\"widget\" data-widget_type=\"image.default\">\n\t\t\t\t<div class=\"elementor-widget-container\">\n\t\t\t\t\t\t\t\t\t\t\t\t\t<img decoding=\"async\" width=\"768\" height=\"371\" src=\"https:\/\/bernardo-moya.com\/wp-content\/uploads\/2022\/08\/BIG-college-TLEVENT-speakers-1-2-768x371.webp\" class=\"attachment-medium_large size-medium_large wp-image-3252\" alt=\"\" srcset=\"https:\/\/bernardo-moya.com\/wp-content\/uploads\/2022\/08\/BIG-college-TLEVENT-speakers-1-2-768x371.webp 768w, https:\/\/bernardo-moya.com\/wp-content\/uploads\/2022\/08\/BIG-college-TLEVENT-speakers-1-2-300x145.webp 300w, https:\/\/bernardo-moya.com\/wp-content\/uploads\/2022\/08\/BIG-college-TLEVENT-speakers-1-2-1024x494.webp 1024w, https:\/\/bernardo-moya.com\/wp-content\/uploads\/2022\/08\/BIG-college-TLEVENT-speakers-1-2-1536x742.webp 1536w, https:\/\/bernardo-moya.com\/wp-content\/uploads\/2022\/08\/BIG-college-TLEVENT-speakers-1-2-2048x989.webp 2048w, https:\/\/bernardo-moya.com\/wp-content\/uploads\/2022\/08\/BIG-college-TLEVENT-speakers-1-2-672x324.webp 672w, https:\/\/bernardo-moya.com\/wp-content\/uploads\/2022\/08\/BIG-college-TLEVENT-speakers-1-2-1038x501.webp 1038w\" sizes=\"(max-width: 768px) 100vw, 768px\" \/>\t\t\t\t\t\t\t\t\t\t\t\t\t<\/div>\n\t\t\t\t<\/div>\n\t\t\t\t<\/div>\n\t\t\t\t<\/div>\n\t\t\t\t\t<\/div>\n\t\t\t\t<\/div>\n\t\t<div class=\"elementor-element elementor-element-3dd4892 e-flex e-con-boxed e-con e-parent\" data-id=\"3dd4892\" data-element_type=\"container\">\n\t\t\t\t\t<div class=\"e-con-inner\">\n\t\t\t\t<div class=\"elementor-element elementor-element-a499d22 elementor-widget elementor-widget-heading\" data-id=\"a499d22\" data-element_type=\"widget\" data-widget_type=\"heading.default\">\n\t\t\t\t<div class=\"elementor-widget-container\">\n\t\t\t<p class=\"elementor-heading-title elementor-size-default\">Mi historia<\/p>\t\t<\/div>\n\t\t\t\t<\/div>\n\t\t\t\t<div class=\"elementor-element elementor-element-8612f67 elementor-widget elementor-widget-video\" data-id=\"8612f67\" data-element_type=\"widget\" data-settings=\"{&quot;youtube_url&quot;:&quot;https:\\\/\\\/www.youtube.com\\\/watch?v=QidL1BLo9dI&quot;,&quot;autoplay&quot;:&quot;yes&quot;,&quot;mute&quot;:&quot;yes&quot;,&quot;loop&quot;:&quot;yes&quot;,&quot;video_type&quot;:&quot;youtube&quot;,&quot;controls&quot;:&quot;yes&quot;}\" data-widget_type=\"video.default\">\n\t\t\t\t<div class=\"elementor-widget-container\">\n\t\t\t<style>\/*! elementor - v3.21.0 - 08-05-2024 *\/\n.elementor-widget-video .elementor-widget-container{overflow:hidden;transform:translateZ(0)}.elementor-widget-video .elementor-wrapper{aspect-ratio:var(--video-aspect-ratio)}.elementor-widget-video .elementor-wrapper iframe,.elementor-widget-video .elementor-wrapper video{height:100%;width:100%;display:flex;border:none;background-color:#000}@supports not (aspect-ratio:1\/1){.elementor-widget-video .elementor-wrapper{position:relative;overflow:hidden;height:0;padding-bottom:calc(100% \/ var(--video-aspect-ratio))}.elementor-widget-video .elementor-wrapper iframe,.elementor-widget-video .elementor-wrapper video{position:absolute;top:0;right:0;bottom:0;left:0}}.elementor-widget-video .elementor-open-inline .elementor-custom-embed-image-overlay{position:absolute;top:0;right:0;bottom:0;left:0;background-size:cover;background-position:50%}.elementor-widget-video .elementor-custom-embed-image-overlay{cursor:pointer;text-align:center}.elementor-widget-video .elementor-custom-embed-image-overlay:hover .elementor-custom-embed-play i{opacity:1}.elementor-widget-video .elementor-custom-embed-image-overlay img{display:block;width:100%;aspect-ratio:var(--video-aspect-ratio);-o-object-fit:cover;object-fit:cover;-o-object-position:center center;object-position:center center}@supports not (aspect-ratio:1\/1){.elementor-widget-video .elementor-custom-embed-image-overlay{position:relative;overflow:hidden;height:0;padding-bottom:calc(100% \/ var(--video-aspect-ratio))}.elementor-widget-video .elementor-custom-embed-image-overlay img{position:absolute;top:0;right:0;bottom:0;left:0}}.elementor-widget-video .e-hosted-video .elementor-video{-o-object-fit:cover;object-fit:cover}.e-con-inner>.elementor-widget-video,.e-con>.elementor-widget-video{width:var(--container-widget-width);--flex-grow:var(--container-widget-flex-grow)}<\/style>\t\t<div class=\"elementor-wrapper elementor-open-inline\">\n\t\t\t<div class=\"elementor-video\"><\/div>\t\t<\/div>\n\t\t\t\t<\/div>\n\t\t\t\t<\/div>\n\t\t\t\t\t<\/div>\n\t\t\t\t<\/div>\n\t\t<div class=\"elementor-element elementor-element-6a64a2d e-flex e-con-boxed e-con e-parent\" data-id=\"6a64a2d\" data-element_type=\"container\">\n\t\t\t\t\t<div class=\"e-con-inner\">\n\t\t<div class=\"elementor-element elementor-element-9968425 e-con-full e-flex e-con e-child\" data-id=\"9968425\" data-element_type=\"container\" data-settings=\"{&quot;background_background&quot;:&quot;classic&quot;}\">\n\t\t\t\t<div class=\"elementor-element elementor-element-dbaa665 elementor-widget__width-initial elementor-widget elementor-widget-heading\" data-id=\"dbaa665\" data-element_type=\"widget\" data-widget_type=\"heading.default\">\n\t\t\t\t<div class=\"elementor-widget-container\">\n\t\t\t<p class=\"elementor-heading-title elementor-size-default\">En un mundo desordenado de desarrollo personal, mi objetivo es brindar un hogar a nuestros autores, pensadores y clientes, un lugar donde puedan compartir o encontrar la mejor orientaci\u00f3n y conocimiento. Para ser el mejor t\u00fa, insp\u00edrate.<\/p>\t\t<\/div>\n\t\t\t\t<\/div>\n\t\t\t\t<div class=\"elementor-element elementor-element-3988b39 elementor-widget__width-initial elementor-widget elementor-widget-heading\" data-id=\"3988b39\" data-element_type=\"widget\" data-widget_type=\"heading.default\">\n\t\t\t\t<div class=\"elementor-widget-container\">\n\t\t\t<p class=\"elementor-heading-title elementor-size-default\">Bernardo Moya<\/p>\t\t<\/div>\n\t\t\t\t<\/div>\n\t\t\t\t<\/div>\n\t\t<div class=\"elementor-element elementor-element-00eb256 e-con-full e-flex e-con e-child\" data-id=\"00eb256\" data-element_type=\"container\">\n\t\t\t\t<div class=\"elementor-element elementor-element-af96a65 elementor-widget elementor-widget-heading\" data-id=\"af96a65\" data-element_type=\"widget\" data-widget_type=\"heading.default\">\n\t\t\t\t<div class=\"elementor-widget-container\">\n\t\t\t<p class=\"elementor-heading-title elementor-size-default\">Mi misi\u00f3n<\/p>\t\t<\/div>\n\t\t\t\t<\/div>\n\t\t\t\t<div class=\"elementor-element elementor-element-47c9f0f elementor-widget elementor-widget-heading\" data-id=\"47c9f0f\" data-element_type=\"widget\" data-widget_type=\"heading.default\">\n\t\t\t\t<div class=\"elementor-widget-container\">\n\t\t\t<p class=\"elementor-heading-title elementor-size-default\">Bernardo brinda servicios personales de tutor\u00eda y coaching a clientes seleccionados. Con un vasto conocimiento sobre c\u00f3mo administrar un negocio exitoso, adquirir habilidades en medios, creaci\u00f3n de productos, automotivaci\u00f3n, networking y mantenerse encaminado para alcanzar sus objetivos, su tutor\u00eda tiene un enfoque \u00fanico. <br><br>Tambi\u00e9n promueve y produce eventos con su habilidad \u00fanica para dar vida a cualquier concepto de evento, sin importar su escala o complejidad.<\/p>\t\t<\/div>\n\t\t\t\t<\/div>\n\t\t\t\t<div class=\"elementor-element elementor-element-bfe418b elementor-align-left elementor-widget elementor-widget-button\" data-id=\"bfe418b\" data-element_type=\"widget\" data-widget_type=\"button.default\">\n\t\t\t\t<div class=\"elementor-widget-container\">\n\t\t\t\t\t<div class=\"elementor-button-wrapper\">\n\t\t\t<a class=\"elementor-button elementor-button-link elementor-size-sm\" href=\"https:\/\/bernardo-moya.com\/es\/contact-me\/\" target=\"_blank\">\n\t\t\t\t\t\t<span class=\"elementor-button-content-wrapper\">\n\t\t\t\t\t\t<span class=\"elementor-button-icon elementor-align-icon-right\">\n\t\t\t\t<i aria-hidden=\"true\" class=\"fas fa-arrow-right\"><\/i>\t\t\t<\/span>\n\t\t\t\t\t\t\t\t\t<span class=\"elementor-button-text\">Trabajemos juntos<\/span>\n\t\t\t\t\t<\/span>\n\t\t\t\t\t<\/a>\n\t\t<\/div>\n\t\t\t\t<\/div>\n\t\t\t\t<\/div>\n\t\t\t\t<\/div>\n\t\t\t\t\t<\/div>\n\t\t\t\t<\/div>\n\t\t\t\t<\/div>","protected":false},"excerpt":{"rendered":"<p>_Founder of The Best You&amp; Chief Inspirational Officerfounder of tu crypto &#8211; tu nft Bernardo Moya Bernardo Moya has been an entrepreneur for over thirty-five years. He is an author, speaker, coach, mentor, consultant, publisher, TV producer, event promoter and event producer. He is the founder of The Best You brand, which includes: The Best [&hellip;]<\/p>","protected":false},"author":6,"featured_media":0,"parent":0,"menu_order":4,"comment_status":"closed","ping_status":"closed","template":"elementor_header_footer","meta":{"footnotes":""},"class_list":["post-3600","page","type-page","status-publish","hentry"],"_links":{"self":[{"href":"https:\/\/bernardo-moya.com\/es\/wp-json\/wp\/v2\/pages\/3600","targetHints":{"allow":["GET"]}}],"collection":[{"href":"https:\/\/bernardo-moya.com\/es\/wp-json\/wp\/v2\/pages"}],"about":[{"href":"https:\/\/bernardo-moya.com\/es\/wp-json\/wp\/v2\/types\/page"}],"author":[{"embeddable":true,"href":"https:\/\/bernardo-moya.com\/es\/wp-json\/wp\/v2\/users\/6"}],"replies":[{"embeddable":true,"href":"https:\/\/bernardo-moya.com\/es\/wp-json\/wp\/v2\/comments?post=3600"}],"version-history":[{"count":9,"href":"https:\/\/bernardo-moya.com\/es\/wp-json\/wp\/v2\/pages\/3600\/revisions"}],"predecessor-version":[{"id":3897,"href":"https:\/\/bernardo-moya.com\/es\/wp-json\/wp\/v2\/pages\/3600\/revisions\/3897"}],"wp:attachment":[{"href":"https:\/\/bernardo-moya.com\/es\/wp-json\/wp\/v2\/media?parent=3600"}],"curies":[{"name":"wp","href":"https:\/\/api.w.org\/{rel}","templated":true}]}}