{"id":3648,"date":"2023-10-06T20:29:14","date_gmt":"2023-10-06T20:29:14","guid":{"rendered":"https:\/\/bernardo-moya.com\/?page_id=3648"},"modified":"2025-11-25T07:28:44","modified_gmt":"2025-11-25T07:28:44","slug":"the-promoter","status":"publish","type":"page","link":"https:\/\/bernardo-moya.com\/es\/the-promoter\/","title":{"rendered":"El promotor"},"content":{"rendered":"<div data-elementor-type=\"wp-page\" data-elementor-id=\"3648\" class=\"elementor elementor-3648\" data-elementor-post-type=\"page\">\n\t\t\t\t<div class=\"elementor-element elementor-element-5b8615a e-flex e-con-boxed e-con e-parent\" data-id=\"5b8615a\" data-element_type=\"container\" data-settings=\"{&quot;background_background&quot;:&quot;classic&quot;}\">\n\t\t\t\t\t<div class=\"e-con-inner\">\n\t\t<div class=\"elementor-element elementor-element-32e85e2 e-con-full e-flex e-con e-child\" data-id=\"32e85e2\" data-element_type=\"container\">\n\t\t\t\t<div class=\"elementor-element elementor-element-fbadcf2 elementor-widget elementor-widget-image\" data-id=\"fbadcf2\" data-element_type=\"widget\" data-widget_type=\"image.default\">\n\t\t\t\t<div class=\"elementor-widget-container\">\n\t\t\t<style>\/*! elementor - v3.21.0 - 08-05-2024 *\/\n.elementor-widget-image{text-align:center}.elementor-widget-image a{display:inline-block}.elementor-widget-image a img[src$=\".svg\"]{width:48px}.elementor-widget-image img{vertical-align:middle;display:inline-block}<\/style>\t\t\t\t\t\t\t\t\t\t<img fetchpriority=\"high\" decoding=\"async\" width=\"800\" height=\"343\" src=\"https:\/\/bernardo-moya.com\/wp-content\/uploads\/2023\/08\/promoter.webp\" class=\"attachment-large size-large wp-image-3470\" alt=\"\" srcset=\"https:\/\/bernardo-moya.com\/wp-content\/uploads\/2023\/08\/promoter.webp 1024w, https:\/\/bernardo-moya.com\/wp-content\/uploads\/2023\/08\/promoter-300x129.webp 300w, https:\/\/bernardo-moya.com\/wp-content\/uploads\/2023\/08\/promoter-768x329.webp 768w, https:\/\/bernardo-moya.com\/wp-content\/uploads\/2023\/08\/promoter-672x288.webp 672w\" sizes=\"(max-width: 800px) 100vw, 800px\" \/>\t\t\t\t\t\t\t\t\t\t\t\t\t<\/div>\n\t\t\t\t<\/div>\n\t\t\t\t<\/div>\n\t\t\t\t\t<\/div>\n\t\t\t\t<\/div>\n\t\t<div class=\"elementor-element elementor-element-021833b e-flex e-con-boxed e-con e-parent\" data-id=\"021833b\" data-element_type=\"container\">\n\t\t\t\t\t<div class=\"e-con-inner\">\n\t\t<div class=\"elementor-element elementor-element-fabc414 e-flex e-con-boxed e-con e-child\" data-id=\"fabc414\" data-element_type=\"container\">\n\t\t\t\t\t<div class=\"e-con-inner\">\n\t\t\t\t<div class=\"elementor-element elementor-element-9a16a75 elementor-widget elementor-widget-heading\" data-id=\"9a16a75\" data-element_type=\"widget\" data-widget_type=\"heading.default\">\n\t\t\t\t<div class=\"elementor-widget-container\">\n\t\t\t<style>\/*! elementor - v3.21.0 - 08-05-2024 *\/\n.elementor-heading-title{padding:0;margin:0;line-height:1}.elementor-widget-heading .elementor-heading-title[class*=elementor-size-]>a{color:inherit;font-size:inherit;line-height:inherit}.elementor-widget-heading .elementor-heading-title.elementor-size-small{font-size:15px}.elementor-widget-heading .elementor-heading-title.elementor-size-medium{font-size:19px}.elementor-widget-heading .elementor-heading-title.elementor-size-large{font-size:29px}.elementor-widget-heading .elementor-heading-title.elementor-size-xl{font-size:39px}.elementor-widget-heading .elementor-heading-title.elementor-size-xxl{font-size:59px}<\/style><p class=\"elementor-heading-title elementor-size-default\">El promotor<\/p>\t\t<\/div>\n\t\t\t\t<\/div>\n\t\t\t\t<div class=\"elementor-element elementor-element-c36ddee elementor-widget elementor-widget-heading\" data-id=\"c36ddee\" data-element_type=\"widget\" data-widget_type=\"heading.default\">\n\t\t\t\t<div class=\"elementor-widget-container\">\n\t\t\t<p class=\"elementor-heading-title elementor-size-default\">Bernardo Moya es un referente en el mundo de la promoci\u00f3n de eventos de desarrollo personal. Su visi\u00f3n y experiencia han allanado el camino para experiencias transformadoras que han tocado las vidas de miles de personas.<\/p>\t\t<\/div>\n\t\t\t\t<\/div>\n\t\t\t\t\t<\/div>\n\t\t\t\t<\/div>\n\t\t<div class=\"elementor-element elementor-element-4d68789 e-flex e-con-boxed e-con e-child\" data-id=\"4d68789\" data-element_type=\"container\" data-settings=\"{&quot;background_background&quot;:&quot;classic&quot;}\">\n\t\t\t\t\t<div class=\"e-con-inner\">\n\t\t\t\t<div class=\"elementor-element elementor-element-7579323 elementor-widget elementor-widget-heading\" data-id=\"7579323\" data-element_type=\"widget\" data-widget_type=\"heading.default\">\n\t\t\t\t<div class=\"elementor-widget-container\">\n\t\t\t<p class=\"elementor-heading-title elementor-size-default\">The Best You<\/p>\t\t<\/div>\n\t\t\t\t<\/div>\n\t\t\t\t<div class=\"elementor-element elementor-element-fa2ec90 elementor-widget elementor-widget-heading\" data-id=\"fa2ec90\" data-element_type=\"widget\" data-widget_type=\"heading.default\">\n\t\t\t\t<div class=\"elementor-widget-container\">\n\t\t\t<p class=\"elementor-heading-title elementor-size-default\">As the Founder &amp; CEO of The Best You, Bernardo has masterminded the globally renowned Best You Expo. These monumental events, hosted in esteemed venues such as Wembley stadium, Excel and Olympia in London and the Long Beach and Los Angeles Convention Centers, have attracted up to 20,000 attendees and hundreds of thousands over the years. Under his guidance, the expos have featured a galaxy of personal development stars, including Les Brown, Marisa Peer, Jim Kwik, Mastin Kipp, Lisa Nichols, Jack Canfield, and many more.<\/p>\t\t<\/div>\n\t\t\t\t<\/div>\n\t\t\t\t\t<\/div>\n\t\t\t\t<\/div>\n\t\t<div class=\"elementor-element elementor-element-ee76ae5 e-flex e-con-boxed e-con e-child\" data-id=\"ee76ae5\" data-element_type=\"container\" data-settings=\"{&quot;background_background&quot;:&quot;classic&quot;}\">\n\t\t\t\t\t<div class=\"e-con-inner\">\n\t\t\t\t<div class=\"elementor-element elementor-element-922ff6b elementor-widget elementor-widget-heading\" data-id=\"922ff6b\" data-element_type=\"widget\" data-widget_type=\"heading.default\">\n\t\t\t\t<div class=\"elementor-widget-container\">\n\t\t\t<p class=\"elementor-heading-title elementor-size-default\">NLP Life Training<\/p>\t\t<\/div>\n\t\t\t\t<\/div>\n\t\t\t\t<div class=\"elementor-element elementor-element-e28f413 elementor-widget elementor-widget-heading\" data-id=\"e28f413\" data-element_type=\"widget\" data-widget_type=\"heading.default\">\n\t\t\t\t<div class=\"elementor-widget-container\">\n\t\t\t<p class=\"elementor-heading-title elementor-size-default\">Por otra parte, a trav\u00e9s de NLP Life Training, Bernardo ha fomentado una estrecha colaboraci\u00f3n con el Dr. Richard Bandler y Paul McKenna. Esta asociaci\u00f3n ha dado lugar a eventos que no s\u00f3lo son informativos sino profundamente transformadores, solidificando su reputaci\u00f3n como un promotor que comprende el profundo impacto del desarrollo personal.<\/p>\t\t<\/div>\n\t\t\t\t<\/div>\n\t\t\t\t\t<\/div>\n\t\t\t\t<\/div>\n\t\t\t\t\t<\/div>\n\t\t\t\t<\/div>\n\t\t<div class=\"elementor-element elementor-element-028b586 e-flex e-con-boxed e-con e-parent\" data-id=\"028b586\" data-element_type=\"container\">\n\t\t\t\t\t<div class=\"e-con-inner\">\n\t\t<div class=\"elementor-element elementor-element-5c4da65 e-flex e-con-boxed e-con e-child\" data-id=\"5c4da65\" data-element_type=\"container\">\n\t\t\t\t\t<div class=\"e-con-inner\">\n\t\t\t\t<div class=\"elementor-element elementor-element-525da41 elementor-widget elementor-widget-heading\" data-id=\"525da41\" data-element_type=\"widget\" data-widget_type=\"heading.default\">\n\t\t\t\t<div class=\"elementor-widget-container\">\n\t\t\t<p class=\"elementor-heading-title elementor-size-default\">El productor<\/p>\t\t<\/div>\n\t\t\t\t<\/div>\n\t\t\t\t<div class=\"elementor-element elementor-element-2610c25 elementor-widget elementor-widget-heading\" data-id=\"2610c25\" data-element_type=\"widget\" data-widget_type=\"heading.default\">\n\t\t\t\t<div class=\"elementor-widget-container\">\n\t\t\t<p class=\"elementor-heading-title elementor-size-default\">Con una gran experiencia y un enfoque hol\u00edstico para la producci\u00f3n de eventos, Bernardo posee la capacidad \u00fanica de dar vida a cualquier concepto de evento, sin importar su escala o complejidad.<\/p>\t\t<\/div>\n\t\t\t\t<\/div>\n\t\t\t\t\t<\/div>\n\t\t\t\t<\/div>\n\t\t<div class=\"elementor-element elementor-element-8b44eff e-flex e-con-boxed e-con e-child\" data-id=\"8b44eff\" data-element_type=\"container\" data-settings=\"{&quot;background_background&quot;:&quot;classic&quot;}\">\n\t\t\t\t\t<div class=\"e-con-inner\">\n\t\t\t\t<div class=\"elementor-element elementor-element-51b8dbf elementor-widget elementor-widget-heading\" data-id=\"51b8dbf\" data-element_type=\"widget\" data-widget_type=\"heading.default\">\n\t\t\t\t<div class=\"elementor-widget-container\">\n\t\t\t<p class=\"elementor-heading-title elementor-size-default\">Experiencia completa<\/p>\t\t<\/div>\n\t\t\t\t<\/div>\n\t\t\t\t<div class=\"elementor-element elementor-element-c125ca3 elementor-widget elementor-widget-heading\" data-id=\"c125ca3\" data-element_type=\"widget\" data-widget_type=\"heading.default\">\n\t\t\t\t<div class=\"elementor-widget-container\">\n\t\t\t<p class=\"elementor-heading-title elementor-size-default\">Bernardo Moya es m\u00e1s que un simple productor; es el arquitecto de experiencias inolvidables. Desde reuniones exclusivas de alto precio en los prestigiosos lugares de Londres hasta grandes espect\u00e1culos que cautivan a miles de personas, cada evento que toca se convierte en una clase magistral de precisi\u00f3n e impacto.<\/p>\t\t<\/div>\n\t\t\t\t<\/div>\n\t\t\t\t\t<\/div>\n\t\t\t\t<\/div>\n\t\t<div class=\"elementor-element elementor-element-38d67f5 e-flex e-con-boxed e-con e-child\" data-id=\"38d67f5\" data-element_type=\"container\" data-settings=\"{&quot;background_background&quot;:&quot;classic&quot;}\">\n\t\t\t\t\t<div class=\"e-con-inner\">\n\t\t\t\t<div class=\"elementor-element elementor-element-071617f elementor-widget elementor-widget-heading\" data-id=\"071617f\" data-element_type=\"widget\" data-widget_type=\"heading.default\">\n\t\t\t\t<div class=\"elementor-widget-container\">\n\t\t\t<p class=\"elementor-heading-title elementor-size-default\">Lo que trae a la mesa<\/p>\t\t<\/div>\n\t\t\t\t<\/div>\n\t\t\t\t<div class=\"elementor-element elementor-element-34a45e1 elementor-widget elementor-widget-heading\" data-id=\"34a45e1\" data-element_type=\"widget\" data-widget_type=\"heading.default\">\n\t\t\t\t<div class=\"elementor-widget-container\">\n\t\t\t<p class=\"elementor-heading-title elementor-size-default\">En el coraz\u00f3n de su \u00e9xito se encuentra un compromiso inquebrantable con los detalles y un equipo de expertos de la industria, cada uno de ellos dedicado a crear momentos que resuenan. Cada aspecto de un evento, desde el marketing y la venta de entradas hasta el patrocinio, se planifica y ejecuta meticulosamente, lo que garantiza que la visi\u00f3n se haga realidad con una excelencia incomparable.\n<\/p>\t\t<\/div>\n\t\t\t\t<\/div>\n\t\t\t\t\t<\/div>\n\t\t\t\t<\/div>\n\t\t\t\t\t<\/div>\n\t\t\t\t<\/div>\n\t\t<div class=\"elementor-element elementor-element-ddb6546 e-flex e-con-boxed e-con e-parent\" data-id=\"ddb6546\" data-element_type=\"container\">\n\t\t\t\t\t<div class=\"e-con-inner\">\n\t\t<div class=\"elementor-element elementor-element-64a3fa9 e-con-full e-flex e-con e-child\" data-id=\"64a3fa9\" data-element_type=\"container\">\n\t\t\t\t<div class=\"elementor-element elementor-element-d274b07 elementor-widget__width-initial elementor-widget elementor-widget-heading\" data-id=\"d274b07\" data-element_type=\"widget\" data-widget_type=\"heading.default\">\n\t\t\t\t<div class=\"elementor-widget-container\">\n\t\t\t<p class=\"elementor-heading-title elementor-size-default\">\u00bfBusca un promotor que eleve su evento y lo posicione en la cima de su industria?<br><br>\u00bfTienes un evento en mente? \u00bfBusca un productor que pueda convertir sus ideas en una realidad tangible y memorable?<\/p>\t\t<\/div>\n\t\t\t\t<\/div>\n\t\t\t\t<\/div>\n\t\t<div class=\"elementor-element elementor-element-a501dc3 e-con-full e-flex e-con e-child\" data-id=\"a501dc3\" data-element_type=\"container\">\n\t\t\t\t<div class=\"elementor-element elementor-element-63ba47c elementor-widget elementor-widget-heading\" data-id=\"63ba47c\" data-element_type=\"widget\" data-widget_type=\"heading.default\">\n\t\t\t\t<div class=\"elementor-widget-container\">\n\t\t\t<p class=\"elementor-heading-title elementor-size-default\">Tu b\u00fasqueda termina aqu\u00ed.<br><b>Colaboremos y creemos algo extraordinario.<\/b><\/p>\t\t<\/div>\n\t\t\t\t<\/div>\n\t\t\t\t<div class=\"elementor-element elementor-element-664c719 elementor-align-left elementor-widget elementor-widget-button\" data-id=\"664c719\" data-element_type=\"widget\" data-widget_type=\"button.default\">\n\t\t\t\t<div class=\"elementor-widget-container\">\n\t\t\t\t\t<div class=\"elementor-button-wrapper\">\n\t\t\t<a class=\"elementor-button elementor-button-link elementor-size-sm\" href=\"https:\/\/bernardo-moya.com\/es\/contact-me\/\" target=\"_blank\">\n\t\t\t\t\t\t<span class=\"elementor-button-content-wrapper\">\n\t\t\t\t\t\t<span class=\"elementor-button-icon elementor-align-icon-right\">\n\t\t\t\t<i aria-hidden=\"true\" class=\"fas fa-arrow-right\"><\/i>\t\t\t<\/span>\n\t\t\t\t\t\t\t\t\t<span class=\"elementor-button-text\">Trabajemos juntos<\/span>\n\t\t\t\t\t<\/span>\n\t\t\t\t\t<\/a>\n\t\t<\/div>\n\t\t\t\t<\/div>\n\t\t\t\t<\/div>\n\t\t\t\t<\/div>\n\t\t\t\t\t<\/div>\n\t\t\t\t<\/div>\n\t\t\t\t<\/div>","protected":false},"excerpt":{"rendered":"<p>The Promoter Bernardo Moya stands as a beacon in the world of personal development event promotion. His vision and expertise have paved the way for transformative experiences that have touched the lives of thousands. The Best You As the Founder &amp; CEO of The Best You, Bernardo has masterminded the globally renowned Best You Expo. [&hellip;]<\/p>","protected":false},"author":6,"featured_media":0,"parent":0,"menu_order":3,"comment_status":"closed","ping_status":"closed","template":"elementor_header_footer","meta":{"footnotes":""},"class_list":["post-3648","page","type-page","status-publish","hentry"],"_links":{"self":[{"href":"https:\/\/bernardo-moya.com\/es\/wp-json\/wp\/v2\/pages\/3648","targetHints":{"allow":["GET"]}}],"collection":[{"href":"https:\/\/bernardo-moya.com\/es\/wp-json\/wp\/v2\/pages"}],"about":[{"href":"https:\/\/bernardo-moya.com\/es\/wp-json\/wp\/v2\/types\/page"}],"author":[{"embeddable":true,"href":"https:\/\/bernardo-moya.com\/es\/wp-json\/wp\/v2\/users\/6"}],"replies":[{"embeddable":true,"href":"https:\/\/bernardo-moya.com\/es\/wp-json\/wp\/v2\/comments?post=3648"}],"version-history":[{"count":9,"href":"https:\/\/bernardo-moya.com\/es\/wp-json\/wp\/v2\/pages\/3648\/revisions"}],"predecessor-version":[{"id":3912,"href":"https:\/\/bernardo-moya.com\/es\/wp-json\/wp\/v2\/pages\/3648\/revisions\/3912"}],"wp:attachment":[{"href":"https:\/\/bernardo-moya.com\/es\/wp-json\/wp\/v2\/media?parent=3648"}],"curies":[{"name":"wp","href":"https:\/\/api.w.org\/{rel}","templated":true}]}}