{"id":3656,"date":"2023-10-06T20:33:31","date_gmt":"2023-10-06T20:33:31","guid":{"rendered":"https:\/\/bernardo-moya.com\/?page_id=3656"},"modified":"2023-10-07T00:27:46","modified_gmt":"2023-10-07T00:27:46","slug":"contact-me","status":"publish","type":"page","link":"https:\/\/bernardo-moya.com\/es\/contact-me\/","title":{"rendered":"Contact me"},"content":{"rendered":"<div data-elementor-type=\"wp-page\" data-elementor-id=\"3656\" class=\"elementor elementor-3656\" data-elementor-post-type=\"page\">\n\t\t\t\t<div class=\"elementor-element elementor-element-5840a86 e-flex e-con-boxed e-con e-parent\" data-id=\"5840a86\" data-element_type=\"container\">\n\t\t\t\t\t<div class=\"e-con-inner\">\n\t\t<div class=\"elementor-element elementor-element-d0e96f8 e-flex e-con-boxed e-con e-child\" data-id=\"d0e96f8\" data-element_type=\"container\">\n\t\t\t\t\t<div class=\"e-con-inner\">\n\t\t\t\t<div class=\"elementor-element elementor-element-f7fe8df elementor-widget elementor-widget-heading\" data-id=\"f7fe8df\" data-element_type=\"widget\" data-widget_type=\"heading.default\">\n\t\t\t\t<div class=\"elementor-widget-container\">\n\t\t\t<style>\/*! elementor - v3.21.0 - 08-05-2024 *\/\n.elementor-heading-title{padding:0;margin:0;line-height:1}.elementor-widget-heading .elementor-heading-title[class*=elementor-size-]>a{color:inherit;font-size:inherit;line-height:inherit}.elementor-widget-heading .elementor-heading-title.elementor-size-small{font-size:15px}.elementor-widget-heading .elementor-heading-title.elementor-size-medium{font-size:19px}.elementor-widget-heading .elementor-heading-title.elementor-size-large{font-size:29px}.elementor-widget-heading .elementor-heading-title.elementor-size-xl{font-size:39px}.elementor-widget-heading .elementor-heading-title.elementor-size-xxl{font-size:59px}<\/style><p class=\"elementor-heading-title elementor-size-default\">Si est\u00e1s interesado en trabajar en:<\/p>\t\t<\/div>\n\t\t\t\t<\/div>\n\t\t\t\t<div class=\"elementor-element elementor-element-4750162 elementor-widget elementor-widget-heading\" data-id=\"4750162\" data-element_type=\"widget\" data-widget_type=\"heading.default\">\n\t\t\t\t<div class=\"elementor-widget-container\">\n\t\t\t<p class=\"elementor-heading-title elementor-size-default\">- desarrollar tu carrera,<br>- comercializar un seminario,<br>- producir alg\u00fan contenido muy singular o<br>- est\u00e1s interesado en que hable en tu evento,<\/p>\t\t<\/div>\n\t\t\t\t<\/div>\n\t\t\t\t<div class=\"elementor-element elementor-element-5bf4670 elementor-widget elementor-widget-heading\" data-id=\"5bf4670\" data-element_type=\"widget\" data-widget_type=\"heading.default\">\n\t\t\t\t<div class=\"elementor-widget-container\">\n\t\t\t<p class=\"elementor-heading-title elementor-size-default\">Complete este formulario o env\u00ede un correo electr\u00f3nico y se comunicar\u00e1 con usted lo antes posible.<\/p>\t\t<\/div>\n\t\t\t\t<\/div>\n\t\t\t\t<div class=\"elementor-element elementor-element-867ae0c elementor-widget elementor-widget-heading\" data-id=\"867ae0c\" data-element_type=\"widget\" data-widget_type=\"heading.default\">\n\t\t\t\t<div class=\"elementor-widget-container\">\n\t\t\t<p class=\"elementor-heading-title elementor-size-default\"><b>Bernardo Moya<br>The Best You Corporation Inc<\/b><br>111 Ocean Blvd Floor 4 - Long Beach 90802, CA USA<br>info@thebestyou.co<\/p>\t\t<\/div>\n\t\t\t\t<\/div>\n\t\t\t\t\t<\/div>\n\t\t\t\t<\/div>\n\t\t<div class=\"elementor-element elementor-element-8601212 e-flex e-con-boxed e-con e-child\" data-id=\"8601212\" data-element_type=\"container\">\n\t\t\t\t\t<div class=\"e-con-inner\">\n\t\t\t\t<div class=\"elementor-element elementor-element-19f249f elementor-widget elementor-widget-html\" data-id=\"19f249f\" data-element_type=\"widget\" data-widget_type=\"html.default\">\n\t\t\t\t<div class=\"elementor-widget-container\">\n\t\t\t<iframe\r\n  src=\"https:\/\/api.leadconnectorhq.com\/widget\/form\/dkR1F1wlS7nENj4kGDUR\"\r\n  style=\"width:100%;height:100%;border:none;border-radius:4px\"\r\n  id=\"inline-dkR1F1wlS7nENj4kGDUR\" \r\n  data-layout=\"{'id':'INLINE'}\"\r\n  data-trigger-type=\"alwaysShow\"\r\n  data-trigger-value=\"\"\r\n  data-activation-type=\"alwaysActivated\"\r\n  data-activation-value=\"\"\r\n  data-deactivation-type=\"neverDeactivate\"\r\n  data-deactivation-value=\"\"\r\n  data-form-name=\"Contact Bernardo's page\"\r\n  data-height=\"1257\"\r\n  data-layout-iframe-id=\"inline-dkR1F1wlS7nENj4kGDUR\"\r\n  data-form-id=\"dkR1F1wlS7nENj4kGDUR\"\r\n  title=\"Contact Bernardo's page\"\r\n      >\r\n<\/iframe>\r\n<script src=\"https:\/\/link.msgsndr.com\/js\/form_embed.js\"><\/script>\t\t<\/div>\n\t\t\t\t<\/div>\n\t\t\t\t\t<\/div>\n\t\t\t\t<\/div>\n\t\t\t\t\t<\/div>\n\t\t\t\t<\/div>\n\t\t\t\t<\/div>","protected":false},"excerpt":{"rendered":"<p>If you are interested in working with Bernardo: &#8211; building your career,&#8211; marketing a seminar,&#8211; producing some very unique content or&#8211; you are interested in him speaking at your event, Complete this form or send him an email and he will get back to you as soon as possible. Bernardo MoyaThe Best You Corporation Inc111 [&hellip;]<\/p>","protected":false},"author":6,"featured_media":0,"parent":0,"menu_order":2,"comment_status":"closed","ping_status":"closed","template":"elementor_header_footer","meta":{"footnotes":""},"class_list":["post-3656","page","type-page","status-publish","hentry"],"_links":{"self":[{"href":"https:\/\/bernardo-moya.com\/es\/wp-json\/wp\/v2\/pages\/3656","targetHints":{"allow":["GET"]}}],"collection":[{"href":"https:\/\/bernardo-moya.com\/es\/wp-json\/wp\/v2\/pages"}],"about":[{"href":"https:\/\/bernardo-moya.com\/es\/wp-json\/wp\/v2\/types\/page"}],"author":[{"embeddable":true,"href":"https:\/\/bernardo-moya.com\/es\/wp-json\/wp\/v2\/users\/6"}],"replies":[{"embeddable":true,"href":"https:\/\/bernardo-moya.com\/es\/wp-json\/wp\/v2\/comments?post=3656"}],"version-history":[{"count":0,"href":"https:\/\/bernardo-moya.com\/es\/wp-json\/wp\/v2\/pages\/3656\/revisions"}],"wp:attachment":[{"href":"https:\/\/bernardo-moya.com\/es\/wp-json\/wp\/v2\/media?parent=3656"}],"curies":[{"name":"wp","href":"https:\/\/api.w.org\/{rel}","templated":true}]}}